{"id":171,"date":"2026-03-18T09:41:36","date_gmt":"2026-03-18T09:41:36","guid":{"rendered":"https:\/\/www.clotureetnous.fr\/?page_id=171"},"modified":"2026-04-03T06:25:32","modified_gmt":"2026-04-03T06:25:32","slug":"nos-services","status":"publish","type":"page","link":"https:\/\/www.clotureetnous.fr\/?page_id=171","title":{"rendered":"NOS SERVICES"},"content":{"rendered":"\n<h3 class=\"wp-block-heading has-header-gradient-color has-text-color has-background has-link-color wp-elements-20513b13e319c0956aa1b85496cfca31\" style=\"background-color:#f4f2f2\">Nos services : simplicit\u00e9, rapidit\u00e9 et flexibilit\u00e9<\/h3>\n\n\n\n<p class=\"has-header-gradient-color has-text-color has-background has-link-color wp-elements-5b25bbd374b367ccf38c34b0691e2dd4\" style=\"background-color:#f4f2f2\">Afin de r\u00e9pondre au mieux \u00e0 vos besoins, nous mettons \u00e0 votre disposition deux services pratiques : la <strong>livraison<\/strong> et le <strong>retrait sur place<\/strong>.<\/p>\n\n\n\n<h4 class=\"wp-block-heading has-header-gradient-color has-text-color has-background has-link-color wp-elements-fb8320f7c8d318a3498f03e7630ffd49\" style=\"background-color:#f4f2f2\">\ud83d\ude9a La livraison : le confort chez vous<\/h4>\n\n\n\n<p class=\"has-header-gradient-color has-text-color has-background has-link-color wp-elements-82d804b0a648273819760e865fce94db\" style=\"background-color:#f4f2f2\">Profitez de vos produits sans vous d\u00e9placer ! Notre service de livraison vous permet de recevoir votre commande directement \u00e0 domicile ou sur votre lieu de travail.<\/p>\n\n\n\n<ul style=\"background-color:#f4f2f2\" class=\"wp-block-list has-header-gradient-color has-text-color has-background has-link-color wp-elements-654cb9ed9f3f5e7e60c9fe094662cac2\">\n<li>Livraison rapide et soign\u00e9e<\/li>\n\n\n\n<li>Cr\u00e9neaux adapt\u00e9s \u00e0 votre emploi du temps<\/li>\n\n\n\n<li>Produits transport\u00e9s dans le respect de leur qualit\u00e9<\/li>\n<\/ul>\n\n\n\n<h4 class=\"wp-block-heading has-header-gradient-color has-text-color has-background has-link-color wp-elements-c569aecf96243f9efe5f992e5c4191a9\" style=\"background-color:#f4f2f2\">\ud83d\udecd\ufe0f Le retrait sur place : rapide et efficace<\/h4>\n\n\n\n<p class=\"has-header-gradient-color has-text-color has-background has-link-color wp-elements-677efc754e2852a0d6cb789c407ad7da\" style=\"background-color:#f4f2f2\">Vous \u00eates press\u00e9(e) ou pr\u00e9f\u00e9rez passer r\u00e9cup\u00e9rer votre commande ? Le retrait sur place est la solution id\u00e9ale.<\/p>\n\n\n\n<ul style=\"background-color:#f4f2f2\" class=\"wp-block-list has-header-gradient-color has-text-color has-background has-link-color wp-elements-2997587c36cd9125224f94275b3f2c9d\">\n<li>Commande pr\u00eate \u00e0 l\u2019heure convenue<\/li>\n\n\n\n<li>Aucun temps d\u2019attente<\/li>\n\n\n\n<li>Service simple et pratique<\/li>\n<\/ul>\n\n\n\n<p class=\"has-header-gradient-color has-text-color has-background has-link-color wp-elements-673bbb0cf25c72b2942f35ecc7d08662\" style=\"background-color:#f4f2f2\">Il vous suffit de passer commande \u00e0 l\u2019avance, et nous nous occupons du reste !<\/p>\n\n\n\n<hr class=\"wp-block-separator has-alpha-channel-opacity\"\/>\n\n\n\n<h3 class=\"wp-block-heading has-header-gradient-color has-text-color has-background has-link-color wp-elements-86fb88320226cc5a615acc3fa7b46bbf\" style=\"background-color:#f4f2f2\">Une exp\u00e9rience pens\u00e9e pour vous<\/h3>\n\n\n\n<p class=\"has-background\" style=\"background-color:#f4f2f2\">Notre objectif est de vous offrir un maximum de flexibilit\u00e9. Que vous choisissiez la livraison ou le retrait, nous mettons tout en \u0153uvre pour garantir <strong>qualit\u00e9, rapidit\u00e9 et satisfaction<\/strong>.<\/p>\n\n\n\n<p class=\"has-header-gradient-color has-text-color has-background has-link-color wp-elements-14f23035b98fce35292c3a9fa85d12ea\" style=\"background-color:#f4f2f2\">N\u2019h\u00e9sitez pas \u00e0 choisir l\u2019option qui correspond le mieux \u00e0 votre quotidien !<\/p>\n\n\n\n<p><\/p>\n","protected":false},"excerpt":{"rendered":"<p>Nos services : simplicit\u00e9, rapidit\u00e9 et flexibilit\u00e9 Afin de r\u00e9pondre au mieux \u00e0 vos besoins, nous mettons \u00e0 votre disposition deux services pratiques : la livraison et le retrait sur place. \ud83d\ude9a La livraison : le confort chez vous Profitez de vos produits sans vous d\u00e9placer ! Notre service de [&hellip;]<\/p>\n","protected":false},"author":1,"featured_media":0,"parent":0,"menu_order":0,"comment_status":"closed","ping_status":"closed","template":"","meta":{"_themeisle_gutenberg_block_has_review":false,"footnotes":""},"class_list":["post-171","page","type-page","status-publish","hentry"],"_links":{"self":[{"href":"https:\/\/www.clotureetnous.fr\/index.php?rest_route=\/wp\/v2\/pages\/171","targetHints":{"allow":["GET"]}}],"collection":[{"href":"https:\/\/www.clotureetnous.fr\/index.php?rest_route=\/wp\/v2\/pages"}],"about":[{"href":"https:\/\/www.clotureetnous.fr\/index.php?rest_route=\/wp\/v2\/types\/page"}],"author":[{"embeddable":true,"href":"https:\/\/www.clotureetnous.fr\/index.php?rest_route=\/wp\/v2\/users\/1"}],"replies":[{"embeddable":true,"href":"https:\/\/www.clotureetnous.fr\/index.php?rest_route=%2Fwp%2Fv2%2Fcomments&post=171"}],"version-history":[{"count":3,"href":"https:\/\/www.clotureetnous.fr\/index.php?rest_route=\/wp\/v2\/pages\/171\/revisions"}],"predecessor-version":[{"id":489,"href":"https:\/\/www.clotureetnous.fr\/index.php?rest_route=\/wp\/v2\/pages\/171\/revisions\/489"}],"wp:attachment":[{"href":"https:\/\/www.clotureetnous.fr\/index.php?rest_route=%2Fwp%2Fv2%2Fmedia&parent=171"}],"curies":[{"name":"wp","href":"https:\/\/api.w.org\/{rel}","templated":true}]}}